{"id":9,"date":"2012-01-27T08:29:03","date_gmt":"2012-01-27T08:29:03","guid":{"rendered":"http:\/\/www.helicopteros-rc.com\/2.0\/?page_id=9"},"modified":"2026-02-02T11:40:43","modified_gmt":"2026-02-02T11:40:43","slug":"inicio","status":"publish","type":"page","link":"http:\/\/www.helicopteros-rc.com\/2.0\/","title":{"rendered":"Bienvenidos&#8230;"},"content":{"rendered":"<p style=\"text-align: justify;\"><a href=\"http:\/\/www.helicopteros-rc.com\/2.0\/wp-content\/uploads\/2012\/01\/heli.jpg\"><img loading=\"lazy\" class=\"size-full wp-image-29 alignleft\" style=\"margin: 5px;\" title=\"heli\" src=\"http:\/\/www.helicopteros-rc.com\/2.0\/wp-content\/uploads\/2012\/01\/heli.jpg\" alt=\"\" width=\"300\" height=\"225\"><\/a>Esta Web nace de la pasi\u00f3n que desde siempre he tenido por&nbsp; estas maquinas y con el fin de aportar mi granito de arena para todos aquellos que, como yo, disfrutan de este apasionante mundo de los Helic\u00f3pteros de Radio Control.<\/p>\n<p style=\"text-align: justify;\">Intentare utilizar este medio, adem\u00e1s de otros como foros, para poner en com\u00fan experiencias, buenas y malas (de todas se aprende), sobre el mundo del aeromodelismo para que podamos compartir toda la informaci\u00f3n de que disponemos y, en definitiva, aprovechar al m\u00e1ximo las experiencias adquiridas para poder dominar un poquito mas cada d\u00eda estos apasionantes aparatos y as\u00ed disfrutar del vuelo de nuestros Helic\u00f3pteros de radio control.<\/p>\n<p>&nbsp;<\/p>\n<h3 style=\"text-align: justify;\">EL HELICOPTERO<\/h3>\n<div>\n<p style=\"text-align: justify;\">El helic\u00f3ptero es una aeronave sustentada, al contrario de los aviones, por un conjunto de aspas giratorias, m\u00e1s conocido como <a href=\"http:\/\/www.helicopteros-rc.com\/2.0\/wp-content\/uploads\/2012\/01\/super_puma.jpg\"><img loading=\"lazy\" class=\"size-full wp-image-30 alignright\" style=\"margin: 5px;\" title=\"super_puma\" src=\"http:\/\/www.helicopteros-rc.com\/2.0\/wp-content\/uploads\/2012\/01\/super_puma.jpg\" alt=\"\" width=\"300\" height=\"241\"><\/a>h\u00e9lice o rotor, situado en la parte superior del aparato. Esta aeronave es propulsada horizontalmente mediante la inclinaci\u00f3n del rotor y la variaci\u00f3n del \u00e1ngulo de ataque de sus aspas. La palabra helic\u00f3ptero proviene de las griegas <em>helix<\/em> (h\u00e9lice) y <em>pteron<\/em> (ala), y fue acu\u00f1ado en 1863 por el pionero de la aviaci\u00f3n Gustave Ponton d&#8217;Amecourt, por lo que deriva del franc\u00e9s <em>h\u00e9licopt\u00e8re<\/em> (\u00abala en h\u00e9lice\u00bb).<\/p>\n<p style=\"text-align: justify;\">La idea del helic\u00f3ptero es muy anterior a la del autogiro, inventado por el espa\u00f1ol Juan de la Cierva, aeronave con la que tiene s\u00f3lo cierta similitud externa. Sin embargo, los primeros helic\u00f3pteros pagaron patente y derechos de utilizaci\u00f3n del rotor articulado, original del ingeniero espa\u00f1ol. Tambi\u00e9n se tomaron ideas del genio italiano Leonardo da Vinci, pero el inventor del primer helic\u00f3ptero pilotado y motorizado fue el eslovaco Jan Bahyl. El primer aparato controlable totalmente en vuelo y producido en cadena fue fabricado por Igor Sikorsky en 1942.<\/p>\n<\/div>\n<div id=\"simple_socialmedia\"><ul class=\"ssm_row\"><li class=\"sharetext\">Compartir<\/li><li class=\"twitter\"><a target=\"_blank\" href=\"http:\/\/twitter.com\/share?url=http:\/\/www.helicopteros-rc.com\/2.0\/&amp;text=Bienvenidos&#8230;\">Tweet<\/a><\/li><li class=\"facebook\"><a target=\"_blank\" title=\"Share on Facebook\" rel=\"nofollow\" href=\"http:\/\/www.facebook.com\/sharer.php?u=http:\/\/www.helicopteros-rc.com\/2.0\/&amp;t=Bienvenidos&#8230;\">Facebook<\/a><\/li><li class=\"linkedin\"><a target=\"_blank\" title=\"Share on LinkedIn\" rel=\"nofollow\" href=\"http:\/\/www.linkedin.com\/shareArticle?mini=true&amp;url=http:\/\/www.helicopteros-rc.com\/2.0\/&amp;title=Bienvenidos&#8230;&amp;source=\">LinkedIn<\/a><\/li><li class=\"tumblr\"><a target=\"_blank\" title=\"Share on Tumblr\" rel=\"nofollow\" href=\"http:\/\/www.tumblr.com\/share\/link?url=http%3A%2F%2Fwww.helicopteros-rc.com%2F2.0%2F&name=&description=Bienvenidos%26%238230%3B\" title=\"Share on Tumblr\">Tumblr<\/a><\/li><li class=\"stumble\"><a target=\"_blank\" title=\"Share on StumbleUpon\" rel=\"nofollow\" href=\"http:\/\/www.stumbleupon.com\/submit?url=http:\/\/www.helicopteros-rc.com\/2.0\/\">Stumble<\/a><\/li><li class=\"digg\"><a target=\"_blank\" title=\"Share on Digg\" rel=\"nofollow\" href=\"http:\/\/www.digg.com\/submit?phase=2&amp;url=http:\/\/www.helicopteros-rc.com\/2.0\/\">Digg<\/a><\/li><li class=\"delicious\"><a target=\"_blank\" title=\"Share on Delicious\" rel=\"nofollow\" href=\"http:\/\/del.icio.us\/post?url=http:\/\/www.helicopteros-rc.com\/2.0\/&amp;title=INSERT_TITLE\">Delicious<\/a><\/li><\/ul><\/div>","protected":false},"excerpt":{"rendered":"<p>Esta Web nace de la pasi\u00f3n que desde siempre he tenido por&nbsp; estas maquinas y con el fin de aportar mi granito de arena para todos aquellos que, como yo, disfrutan de este apasionante mundo de los Helic\u00f3pteros de Radio Control. Intentare utilizar este medio, adem\u00e1s de otros como foros, para poner en com\u00fan experiencias, &hellip; <\/p>\n<p><a class=\"more-link btn\" href=\"http:\/\/www.helicopteros-rc.com\/2.0\/\">Seguir leyendo<\/a><\/p>\n","protected":false},"author":2,"featured_media":0,"parent":0,"menu_order":0,"comment_status":"closed","ping_status":"closed","template":"","meta":[],"_links":{"self":[{"href":"http:\/\/www.helicopteros-rc.com\/2.0\/wp-json\/wp\/v2\/pages\/9"}],"collection":[{"href":"http:\/\/www.helicopteros-rc.com\/2.0\/wp-json\/wp\/v2\/pages"}],"about":[{"href":"http:\/\/www.helicopteros-rc.com\/2.0\/wp-json\/wp\/v2\/types\/page"}],"author":[{"embeddable":true,"href":"http:\/\/www.helicopteros-rc.com\/2.0\/wp-json\/wp\/v2\/users\/2"}],"replies":[{"embeddable":true,"href":"http:\/\/www.helicopteros-rc.com\/2.0\/wp-json\/wp\/v2\/comments?post=9"}],"version-history":[{"count":13,"href":"http:\/\/www.helicopteros-rc.com\/2.0\/wp-json\/wp\/v2\/pages\/9\/revisions"}],"predecessor-version":[{"id":169,"href":"http:\/\/www.helicopteros-rc.com\/2.0\/wp-json\/wp\/v2\/pages\/9\/revisions\/169"}],"wp:attachment":[{"href":"http:\/\/www.helicopteros-rc.com\/2.0\/wp-json\/wp\/v2\/media?parent=9"}],"curies":[{"name":"wp","href":"https:\/\/api.w.org\/{rel}","templated":true}]}}