{"id":2,"date":"2012-01-26T12:35:43","date_gmt":"2012-01-26T12:35:43","guid":{"rendered":"http:\/\/www.helicopteros-rc.com\/2.0\/?page_id=2"},"modified":"2012-02-11T12:16:48","modified_gmt":"2012-02-11T12:16:48","slug":"modalidad-f3c","status":"publish","type":"page","link":"http:\/\/www.helicopteros-rc.com\/2.0\/modalidad-f3c\/","title":{"rendered":"F3C"},"content":{"rendered":"<p style=\"text-align: justify;\">El F3C es una modalidad de vuelo acrob\u00e1tico de helic\u00f3pteros radiocontrolados. Esta modalidad de vuelo est\u00e1 auspiciada por la FAI, Federaci\u00f3n Aeron\u00e1utica Internacional, y por consiguiente por las federaciones nacionales y auton\u00f3micas. B\u00e1sicamente se trata de una secuencia de maniobras estandarizada para todo el mundo. Esta serie de maniobras se dividen en un grupo de figuras en estacionario y otro grupo en traslaci\u00f3n. Se trata, por lo tanto, de ejecutar dichas figuras de la manera mas limpia posible, manteniendo siempre trayectorias lo mas perfectas posibles a alturas controladas y manteniendo el helic\u00f3ptero en los ejes en giros tanto longitudinales como trasversales. En definitiva de trata de lograr la m\u00e1xima calidad en la ejecuci\u00f3n de las maniobras teniendo todos los participantes el mismo grado de dificultad a ejecutar.<\/p>\n<p style=\"text-align: justify;\">Tanto las caracter\u00edsticas de los helic\u00f3pteros a utilizar como las del campo de vuelo se rigen por una normativa que publica la propia federaci\u00f3n. En esta normativa se regula desde el peso de los modelos hasta la manera de calcular las puntuaciones pasando por las limitaciones sonoras de los modelos&#8230;<\/p>\n<p style=\"text-align: justify;\">Estas son las tablas y normativas que estan en vigor para cada una de las tres categorias de F3C que existen ahora mismo:<\/p>\n<p style=\"text-align: center;\"><a href=\"http:\/\/www.helicopteros-rc.com\/2.0\/wp-content\/uploads\/2012\/02\/F3C_A-F3C-Internacional.pdf\">F3C_A F3C Internacional<\/a><\/p>\n<p style=\"text-align: center;\"><a href=\"http:\/\/www.helicopteros-rc.com\/2.0\/wp-content\/uploads\/2012\/02\/F3C_B-F3C-Nacional.pdf\">F3C_B F3C Nacional<\/a><\/p>\n<p style=\"text-align: center;\"><a href=\"http:\/\/www.helicopteros-rc.com\/2.0\/wp-content\/uploads\/2012\/02\/F3C_C-F3C-Iniciacion.pdf\">F3C_C F3C Iniciacion<\/a><\/p>\n<p style=\"text-align: justify;\">Aqui podeis ver unos videos del Campeon del Mundo Hiroki Ito.<\/p>\n<div style=\"text-align: center;\"><iframe loading=\"lazy\" src=\"http:\/\/www.youtube.com\/embed\/SpUWrfpArBI\" frameborder=\"0\" width=\"560\" height=\"315\"><\/iframe><\/div>\n<div id=\"simple_socialmedia\"><ul class=\"ssm_row\"><li class=\"sharetext\">Compartir<\/li><li class=\"twitter\"><a target=\"_blank\" href=\"http:\/\/twitter.com\/share?url=http:\/\/www.helicopteros-rc.com\/2.0\/modalidad-f3c\/&amp;text=F3C\">Tweet<\/a><\/li><li class=\"facebook\"><a target=\"_blank\" title=\"Share on Facebook\" rel=\"nofollow\" href=\"http:\/\/www.facebook.com\/sharer.php?u=http:\/\/www.helicopteros-rc.com\/2.0\/modalidad-f3c\/&amp;t=F3C\">Facebook<\/a><\/li><li class=\"linkedin\"><a target=\"_blank\" title=\"Share on LinkedIn\" rel=\"nofollow\" href=\"http:\/\/www.linkedin.com\/shareArticle?mini=true&amp;url=http:\/\/www.helicopteros-rc.com\/2.0\/modalidad-f3c\/&amp;title=F3C&amp;source=\">LinkedIn<\/a><\/li><li class=\"tumblr\"><a target=\"_blank\" title=\"Share on Tumblr\" rel=\"nofollow\" href=\"http:\/\/www.tumblr.com\/share\/link?url=http%3A%2F%2Fwww.helicopteros-rc.com%2F2.0%2Fmodalidad-f3c%2F&name=&description=F3C\" title=\"Share on Tumblr\">Tumblr<\/a><\/li><li class=\"stumble\"><a target=\"_blank\" title=\"Share on StumbleUpon\" rel=\"nofollow\" href=\"http:\/\/www.stumbleupon.com\/submit?url=http:\/\/www.helicopteros-rc.com\/2.0\/modalidad-f3c\/\">Stumble<\/a><\/li><li class=\"digg\"><a target=\"_blank\" title=\"Share on Digg\" rel=\"nofollow\" href=\"http:\/\/www.digg.com\/submit?phase=2&amp;url=http:\/\/www.helicopteros-rc.com\/2.0\/modalidad-f3c\/\">Digg<\/a><\/li><li class=\"delicious\"><a target=\"_blank\" title=\"Share on Delicious\" rel=\"nofollow\" href=\"http:\/\/del.icio.us\/post?url=http:\/\/www.helicopteros-rc.com\/2.0\/modalidad-f3c\/&amp;title=INSERT_TITLE\">Delicious<\/a><\/li><\/ul><\/div>","protected":false},"excerpt":{"rendered":"<p>El F3C es una modalidad de vuelo acrob\u00e1tico de helic\u00f3pteros radiocontrolados. Esta modalidad de vuelo est\u00e1 auspiciada por la FAI, Federaci\u00f3n Aeron\u00e1utica Internacional, y por consiguiente por las federaciones nacionales y auton\u00f3micas. B\u00e1sicamente se trata de una secuencia de maniobras estandarizada para todo el mundo. Esta serie de maniobras se dividen en un grupo de &hellip; <\/p>\n<p><a class=\"more-link btn\" href=\"http:\/\/www.helicopteros-rc.com\/2.0\/modalidad-f3c\/\">Seguir leyendo<\/a><\/p>\n","protected":false},"author":2,"featured_media":0,"parent":0,"menu_order":0,"comment_status":"closed","ping_status":"closed","template":"","meta":[],"_links":{"self":[{"href":"http:\/\/www.helicopteros-rc.com\/2.0\/wp-json\/wp\/v2\/pages\/2"}],"collection":[{"href":"http:\/\/www.helicopteros-rc.com\/2.0\/wp-json\/wp\/v2\/pages"}],"about":[{"href":"http:\/\/www.helicopteros-rc.com\/2.0\/wp-json\/wp\/v2\/types\/page"}],"author":[{"embeddable":true,"href":"http:\/\/www.helicopteros-rc.com\/2.0\/wp-json\/wp\/v2\/users\/2"}],"replies":[{"embeddable":true,"href":"http:\/\/www.helicopteros-rc.com\/2.0\/wp-json\/wp\/v2\/comments?post=2"}],"version-history":[{"count":12,"href":"http:\/\/www.helicopteros-rc.com\/2.0\/wp-json\/wp\/v2\/pages\/2\/revisions"}],"predecessor-version":[{"id":131,"href":"http:\/\/www.helicopteros-rc.com\/2.0\/wp-json\/wp\/v2\/pages\/2\/revisions\/131"}],"wp:attachment":[{"href":"http:\/\/www.helicopteros-rc.com\/2.0\/wp-json\/wp\/v2\/media?parent=2"}],"curies":[{"name":"wp","href":"https:\/\/api.w.org\/{rel}","templated":true}]}}